{"id":114,"date":"2023-04-20T17:53:39","date_gmt":"2023-04-20T17:53:39","guid":{"rendered":"https:\/\/samson-jugendhilfe.de\/?page_id=114"},"modified":"2025-07-17T12:16:03","modified_gmt":"2025-07-17T12:16:03","slug":"unsere-wohnungen","status":"publish","type":"page","link":"https:\/\/samson-jugendhilfe.de\/index.php\/unsere-wohnungen\/","title":{"rendered":"Unsere Wohnungen"},"content":{"rendered":"<div data-colibri-id=\"114-c1\" class=\"style-412 style-local-114-c1 position-relative\">\r\n  <!---->\r\n  <div data-colibri-component=\"section\" data-colibri-id=\"114-c2\" id=\"about\" class=\"h-section h-section-global-spacing d-flex align-items-lg-start align-items-md-start align-items-start style-420 style-local-114-c2 position-relative\">\r\n    <!---->\r\n    <!---->\r\n    <div class=\"h-section-grid-container h-section-boxed-container\">\r\n      <!---->\r\n      <div data-colibri-id=\"114-c3\" class=\"h-row-container gutters-row-lg-2 gutters-row-md-2 gutters-row-0 gutters-row-v-lg-2 gutters-row-v-md-2 gutters-row-v-2 style-421 style-local-114-c3 position-relative\">\r\n        <!---->\r\n        <div class=\"h-row justify-content-lg-center justify-content-md-center justify-content-center align-items-lg-stretch align-items-md-stretch align-items-stretch gutters-col-lg-2 gutters-col-md-2 gutters-col-0 gutters-col-v-lg-2 gutters-col-v-md-2 gutters-col-v-2\">\r\n          <!---->\r\n          <div class=\"h-column h-column-container d-flex h-col-lg-auto h-col-md-auto h-col-auto style-422-outer style-local-114-c4-outer\">\r\n            <div data-colibri-id=\"114-c4\" class=\"d-flex h-flex-basis h-column__inner h-px-lg-1 h-px-md-1 h-px-1 v-inner-lg-1 v-inner-md-1 v-inner-1 style-422 style-local-114-c4 position-relative\">\r\n              <!---->\r\n              <!---->\r\n              <div class=\"w-100 h-y-container h-column__content h-column__v-align flex-basis-100 align-self-lg-start align-self-md-start align-self-start\">\r\n                <!---->\r\n                <div data-colibri-id=\"114-c5\" class=\"h-global-transition-all h-heading style-424 style-local-114-c5 position-relative h-element\">\r\n                  <!---->\r\n                  <div class=\"h-heading__outer style-424 style-local-114-c5\">\r\n                    <!---->\r\n                    <!---->\r\n                    <h3 class=\"\">Unsere Wohnungen<\/h3>\r\n                  <\/div>\r\n                <\/div>\r\n                <div data-colibri-id=\"114-c6\" class=\"h-text h-text-component style-425 style-local-114-c6 position-relative h-element\">\r\n                  <!---->\r\n                  <!---->\r\n                  <div class=\"\">\r\n                    <p>Unsere BEW-Wohnungen befinden sich im gr\u00fcnen Stadtteil Berlin-Pankow in unmittelbarer N\u00e4he vom B\u00fcrgerpark und Schlosspark Pankow. Es gibt eine gute Verkehrsanbindung an alle \u00f6ffentlichen Verkehrsmittel S-Bahn, Tram, Bus. Fu\u00dfl\u00e4ufig\r\n                      sind neben Kitas und Schulen auch viele Einkaufsm\u00f6glichkeiten, Kinder\u00e4rzte und Apotheken schnell zu erreichen.<\/p>\r\n                    <p>F\u00fcr unsere gemeinsame Arbeit nutzen wir B\u00fcro- und Beratungsr\u00e4ume, die ebenfalls fu\u00dfl\u00e4ufig zu erreichen sind.<\/p>\r\n                    <p>\r\n                      <br>\r\n                    <\/p>\r\n                  <\/div>\r\n                <\/div>\r\n              <\/div>\r\n            <\/div>\r\n          <\/div>\r\n          <div class=\"h-column h-column-container d-flex h-col-lg-auto h-col-md-auto h-col-auto style-426-outer style-local-114-c7-outer\">\r\n            <div data-colibri-id=\"114-c7\" class=\"d-flex h-flex-basis h-column__inner h-ui-empty-state-container h-px-lg-2 h-px-md-2 h-px-2 v-inner-lg-2 v-inner-md-2 v-inner-2 style-426 style-local-114-c7 position-relative\">\r\n              <!---->\r\n              <!---->\r\n              <div class=\"w-100 h-y-container h-column__content h-column__v-align flex-basis-100\">\r\n                <!---->\r\n              <\/div>\r\n            <\/div>\r\n          <\/div>\r\n        <\/div>\r\n      <\/div>\r\n      <div data-colibri-id=\"114-c16\" class=\"h-row-container gutters-row-lg-2 gutters-row-md-2 gutters-row-0 gutters-row-v-lg-2 gutters-row-v-md-2 gutters-row-v-2 style-476 style-local-114-c16 position-relative\">\r\n        <!---->\r\n        <div class=\"h-row justify-content-lg-center justify-content-md-center justify-content-center align-items-lg-stretch align-items-md-stretch align-items-stretch gutters-col-lg-2 gutters-col-md-2 gutters-col-0 gutters-col-v-lg-2 gutters-col-v-md-2 gutters-col-v-2\">\r\n          <!---->\r\n          <div class=\"h-column h-column-container d-flex h-col-lg-auto h-col-md-auto h-col-auto style-477-outer style-local-114-c17-outer\">\r\n            <div data-colibri-id=\"114-c17\" class=\"d-flex h-flex-basis h-column__inner h-ui-empty-state-container h-px-lg-2 h-px-md-2 h-px-2 v-inner-lg-2 v-inner-md-2 v-inner-2 style-477 style-local-114-c17 position-relative\">\r\n              <!---->\r\n              <!---->\r\n              <div class=\"w-100 h-y-container h-column__content h-column__v-align flex-basis-100\">\r\n                <!---->\r\n              <\/div>\r\n            <\/div>\r\n          <\/div>\r\n        <\/div>\r\n      <\/div>\r\n    <\/div>\r\n  <\/div>\r\n  <div data-colibri-component=\"section\" data-colibri-id=\"114-c12\" id=\"custom\" class=\"h-section h-section-global-spacing d-flex align-items-lg-center align-items-md-center align-items-center style-427 style-local-114-c12 position-relative\">\r\n    <!---->\r\n    <!---->\r\n    <div class=\"h-section-grid-container h-section-boxed-container\">\r\n      <!---->\r\n      <div data-colibri-id=\"114-c19\" class=\"h-row-container gutters-row-lg-2 gutters-row-md-2 gutters-row-0 gutters-row-v-lg-2 gutters-row-v-md-2 gutters-row-v-2 style-478 style-local-114-c19 position-relative\">\r\n        <!---->\r\n        <div class=\"h-row justify-content-lg-center justify-content-md-center justify-content-center align-items-lg-stretch align-items-md-stretch align-items-stretch gutters-col-lg-2 gutters-col-md-2 gutters-col-0 gutters-col-v-lg-2 gutters-col-v-md-2 gutters-col-v-2\">\r\n          <!---->\r\n          <div class=\"h-column h-column-container d-flex h-col-lg-auto h-col-md-auto h-col-auto style-479-outer style-local-114-c20-outer\">\r\n            <div data-colibri-id=\"114-c20\" class=\"d-flex h-flex-basis h-column__inner h-ui-empty-state-container h-px-lg-2 h-px-md-2 h-px-2 v-inner-lg-2 v-inner-md-2 v-inner-2 style-479 style-local-114-c20 position-relative\">\r\n              <!---->\r\n              <!---->\r\n              <div class=\"w-100 h-y-container h-column__content h-column__v-align flex-basis-100\">\r\n                <!---->\r\n              <\/div>\r\n            <\/div>\r\n          <\/div>\r\n        <\/div>\r\n      <\/div>\r\n      <div data-colibri-id=\"114-c22\" class=\"h-row-container gutters-row-lg-2 gutters-row-md-2 gutters-row-0 gutters-row-v-lg-2 gutters-row-v-md-2 gutters-row-v-2 style-480 style-local-114-c22 position-relative\">\r\n        <!---->\r\n        <div class=\"h-row justify-content-lg-center justify-content-md-center justify-content-center align-items-lg-stretch align-items-md-stretch align-items-stretch gutters-col-lg-2 gutters-col-md-2 gutters-col-0 gutters-col-v-lg-2 gutters-col-v-md-2 gutters-col-v-2\">\r\n          <!---->\r\n          <div class=\"h-column h-column-container d-flex h-col-lg-auto h-col-md-auto h-col-auto style-481-outer style-local-114-c23-outer\">\r\n            <div data-colibri-id=\"114-c23\" class=\"d-flex h-flex-basis h-column__inner h-px-lg-2 h-px-md-2 h-px-2 v-inner-lg-2 v-inner-md-2 v-inner-2 style-481 style-local-114-c23 position-relative\">\r\n              <!---->\r\n              <!---->\r\n              <div class=\"w-100 h-y-container h-column__content h-column__v-align flex-basis-100 align-self-lg-start align-self-md-start align-self-start\">\r\n                <!---->\r\n                <div data-colibri-id=\"114-c24\" class=\"h-text h-text-component style-432 style-local-114-c24 position-relative h-element\">\r\n                  <!---->\r\n                  <!---->\r\n                  <div class=\"\">\r\n                    <p>\r\n                      <br>\r\n                    <\/p>\r\n                    <p>WOHNEN IM GR\u00dcNEN STADTTEIL PANKOW<\/p>\r\n                    <p>\r\n                      <br>\r\n                    <\/p>\r\n                    <p>Wir bieten verschiedene Wohnformen zur Untervermietung an.<\/p>\r\n                    <ul>\r\n                      <li>2 Tiny H\u00e4user, die sich auf einem Grundst\u00fcck in Pankow Franz\u00f6sisch-Buchholz befinden.<\/li>\r\n                      <li class=\"ql-indent-1\">Tinyhaus Sonne (59&nbsp;<span style=\"color: rgb(78, 100, 38); font-family: &quot;Open Sans&quot;; font-size: 16px; font-weight: 400;\">m\u00b2) geeignet f\u00fcr 3 Personen<\/span><\/li>\r\n                      <li class=\"ql-indent-1\"><span style=\"color: rgb(78, 100, 38); font-family: &quot;Open Sans&quot;; font-size: 16px; font-weight: 400;\">Tinyhaus Mond (38&nbsp;m\u00b2) geeignet f\u00fcr 2 Personen<\/span><\/li>\r\n                    <\/ul>\r\n                    <p>\r\n                      <br>\r\n                    <\/p>\r\n                    <ul>\r\n                      <li>2 Wohneinheiten befinden sich in einer 124 m\u00b2 gro\u00dfen Altbauwohnung (WG) im 2. Stock eines Mietshauses. Hier werden K\u00fcche und Essbereich und das Badezimmer gemeinsam genutzt.<\/li>\r\n                      <li class=\"ql-indent-1\">Wohneinheit 1: Wohnzimmer 26 m\u00b2 Kinderzimmer 22 m\u00b2 mit K\u00fcche Bad und Flur sind es 69 m\u00b2 f\u00fcr maximal 3 Personen.<\/li>\r\n                      <li class=\"ql-indent-1\">Wohneinheit 2: Wohnzimmer 22m\u00b2, Kinderzimmer 10m\u00b2 mit K\u00fcche Bad und Flur sind es 55 m\u00b2 f\u00fcr 2 Personen.<\/li>\r\n                    <\/ul>\r\n                    <p>\r\n                      <br>\r\n                    <\/p>\r\n                    <ul>\r\n                      <li>1 Wohnung ca. 45 m\u00b2 mit 1,5 Zimmern, K\u00fcche und Bad befindet sich in einem Mietshaus im 2. Stock und kann von 2 Personen genutzt werden.<\/li>\r\n                    <\/ul>\r\n                    <p>\r\n                      <br>\r\n                    <\/p>\r\n                    <p>Die Wohnungen werden von Ihnen pers\u00f6nlich angemietet, eigenst\u00e4ndig eingerichtet und gestaltet. Die Kosten werden im Rahmen der Hilfema\u00dfnahme nach \u00a719 SGB VIII vom Jugendamt \u00fcbernommen. Einige M\u00f6bel sind vorhanden und k\u00f6nnen bei Bedarf\r\n                      nach Absprache zur Verf\u00fcgung gestellt werden.<\/p>\r\n                    <p>\r\n                      <br>\r\n                    <\/p>\r\n                  <\/div>\r\n                <\/div>\r\n              <\/div>\r\n            <\/div>\r\n          <\/div>\r\n        <\/div>\r\n      <\/div>\r\n      <div data-colibri-id=\"114-c13\" class=\"h-row-container gutters-row-lg-2 gutters-row-md-2 gutters-row-0 gutters-row-v-lg-2 gutters-row-v-md-2 gutters-row-v-2 style-430 style-local-114-c13 position-relative\">\r\n        <!---->\r\n        <div class=\"h-row justify-content-lg-center justify-content-md-center justify-content-center align-items-lg-stretch align-items-md-stretch align-items-stretch gutters-col-lg-2 gutters-col-md-2 gutters-col-0 gutters-col-v-lg-2 gutters-col-v-md-2 gutters-col-v-2\">\r\n          <!---->\r\n          <div class=\"h-column h-column-container d-flex h-col-lg-auto h-col-md-auto h-col-auto style-431-outer style-local-114-c14-outer\">\r\n            <div data-colibri-id=\"114-c14\" class=\"d-flex h-flex-basis h-column__inner h-ui-empty-state-container h-px-lg-2 h-px-md-2 h-px-2 v-inner-lg-2 v-inner-md-2 v-inner-2 style-431 style-local-114-c14 position-relative\">\r\n              <!---->\r\n              <!---->\r\n              <div class=\"w-100 h-y-container h-column__content h-column__v-align flex-basis-100\">\r\n                <!---->\r\n              <\/div>\r\n            <\/div>\r\n          <\/div>\r\n        <\/div>\r\n      <\/div>\r\n    <\/div>\r\n  <\/div>\r\n<\/div>","protected":false},"excerpt":{"rendered":"<p>Unsere Wohnungen Unsere BEW-Wohnungen befinden sich im gr\u00fcnen Stadtteil Berlin-Pankow in unmittelbarer N\u00e4he vom B\u00fcrgerpark und Schlosspark Pankow. Es gibt eine gute Verkehrsanbindung an alle \u00f6ffentlichen Verkehrsmittel S-Bahn, Tram, Bus. Fu\u00dfl\u00e4ufig sind neben Kitas und Schulen auch viele Einkaufsm\u00f6glichkeiten, Kinder\u00e4rzte und Apotheken schnell zu erreichen. F\u00fcr unsere gemeinsame Arbeit nutzen wir B\u00fcro- und Beratungsr\u00e4ume, die [&hellip;]<\/p>\n","protected":false},"author":1,"featured_media":0,"parent":0,"menu_order":0,"comment_status":"closed","ping_status":"closed","template":"page-templates\/full-width-page.php","meta":{"footnotes":""},"class_list":["post-114","page","type-page","status-publish","hentry"],"_links":{"self":[{"href":"https:\/\/samson-jugendhilfe.de\/index.php\/wp-json\/wp\/v2\/pages\/114","targetHints":{"allow":["GET"]}}],"collection":[{"href":"https:\/\/samson-jugendhilfe.de\/index.php\/wp-json\/wp\/v2\/pages"}],"about":[{"href":"https:\/\/samson-jugendhilfe.de\/index.php\/wp-json\/wp\/v2\/types\/page"}],"author":[{"embeddable":true,"href":"https:\/\/samson-jugendhilfe.de\/index.php\/wp-json\/wp\/v2\/users\/1"}],"replies":[{"embeddable":true,"href":"https:\/\/samson-jugendhilfe.de\/index.php\/wp-json\/wp\/v2\/comments?post=114"}],"version-history":[{"count":20,"href":"https:\/\/samson-jugendhilfe.de\/index.php\/wp-json\/wp\/v2\/pages\/114\/revisions"}],"predecessor-version":[{"id":607,"href":"https:\/\/samson-jugendhilfe.de\/index.php\/wp-json\/wp\/v2\/pages\/114\/revisions\/607"}],"wp:attachment":[{"href":"https:\/\/samson-jugendhilfe.de\/index.php\/wp-json\/wp\/v2\/media?parent=114"}],"curies":[{"name":"wp","href":"https:\/\/api.w.org\/{rel}","templated":true}]}}