{"id":144,"date":"2023-07-04T18:19:57","date_gmt":"2023-07-04T18:19:57","guid":{"rendered":"https:\/\/samson-jugendhilfe.de\/?page_id=144"},"modified":"2025-04-26T13:15:03","modified_gmt":"2025-04-26T13:15:03","slug":"aktuelles","status":"publish","type":"page","link":"https:\/\/samson-jugendhilfe.de\/index.php\/aktuelles\/","title":{"rendered":"Aktuelles"},"content":{"rendered":"<div data-colibri-id=\"144-c1\" class=\"style-370 style-local-144-c1 position-relative\">\r\n  <!---->\r\n  <div data-colibri-component=\"section\" data-colibri-id=\"144-c2\" id=\"content\" class=\"h-section h-section-global-spacing d-flex align-items-lg-center align-items-md-center align-items-center style-375 style-local-144-c2 position-relative\">\r\n    <!---->\r\n    <!---->\r\n    <div class=\"h-section-grid-container h-section-boxed-container\">\r\n      <div data-colibri-id=\"144-c5\" class=\"h-row-container gutters-row-lg-2 gutters-row-md-2 gutters-row-2 gutters-row-v-lg-2 gutters-row-v-md-2 gutters-row-v-2 style-379 style-local-144-c5 position-relative\">\r\n        <!---->\r\n        <div class=\"h-row justify-content-lg-center justify-content-md-center justify-content-center align-items-lg-stretch align-items-md-stretch align-items-stretch gutters-col-lg-2 gutters-col-md-2 gutters-col-2 gutters-col-v-lg-2 gutters-col-v-md-2 gutters-col-v-2\">\r\n          <!---->\r\n          <div class=\"h-column h-column-container d-flex h-col-lg-auto h-col-md-auto h-col-auto style-380-outer style-local-144-c6-outer\">\r\n            <div data-colibri-id=\"144-c6\" class=\"d-flex h-flex-basis h-column__inner h-px-lg-2 h-px-md-2 h-px-0 v-inner-lg-2 v-inner-md-2 v-inner-0 style-380 style-local-144-c6 position-relative\">\r\n              <!---->\r\n              <!---->\r\n              <div class=\"w-100 h-y-container h-column__content h-column__v-align flex-basis-100 align-self-lg-start align-self-md-start align-self-start\">\r\n                <!---->\r\n                <div data-colibri-id=\"144-c7\" class=\"h-global-transition-all h-heading style-381 style-local-144-c7 position-relative h-element\">\r\n                  <!---->\r\n                  <div class=\"h-heading__outer style-381 style-local-144-c7\">\r\n                    <!---->\r\n                    <!---->\r\n                    <h4 class=\"\">Sozialp\u00e4dagog*in (m\/w\/d) f\u00fcr\r\n                      <br>Mutter-\/Vater-Kind BEW Betreutes Einzelwohnen in Pankow\r\n                      <br>(kein Wochenende, kein Schichtdienst, tolles kleines Team!)<\/h4>\r\n                  <\/div>\r\n                <\/div>\r\n                <div data-colibri-id=\"144-c8\" class=\"h-lead h-text h-text-component style-382 style-local-144-c8 position-relative h-element\">\r\n                  <!---->\r\n                  <!---->\r\n                  <div class=\"\">\r\n                    <p>Wir suchen ab sofort f\u00fcr den Bereich Betreutes Einzel-Wohnen Mutter-\/Vater-Kind eine engagierte und qualifizierte Fachkraft (m\/w\/d) f\u00fcr 25-35 h\/Woche \u2013 (Arbeitszeiten Montag bis Freitag, kleines Team, das sich \u00fcber Erweiterung freut!).<\/p>\r\n                    <p>In unserer Arbeit ist der systemische Ansatz von zentraler Bedeutung.<\/p>\r\n                    <p>Aufgaben:<\/p>\r\n                    <ul>\r\n                      <li>individuell gestaltete sozialp\u00e4dagogische Beratung und Begleitung von M\u00fcttern\/V\u00e4tern und ihren Kindern im BEW<\/li>\r\n                      <li>Erarbeitung und Umsetzung von Hilfeplanzielen gemeinsam mit den Eltern: Unterst\u00fctzung bei lebenspraktischen Kompetenzen, Sicherstellung Kinderschutz, Unterst\u00fctzung Eltern-Kind-Beziehung<\/li>\r\n                      <li>Erstellung von Fachberichten und Dokumentation sowie Kooperation mit Kolleg*innen von Jugend\u00e4mtern und anderen Institutionen.<\/li>\r\n                    <\/ul>\r\n                    <p>Wir bieten:<\/p>\r\n                    <ul>\r\n                      <li>\u00fcbertarifliche Verg\u00fctung<\/li>\r\n                      <li>regelm\u00e4\u00dfige Team- und Fallsupervision<\/li>\r\n                      <li>Fort- und Weiterbildungsm\u00f6glichkeiten<\/li>\r\n                      <li>betriebliche Altersversorgung 100%iger Zuschuss<\/li>\r\n                      <li>ein sehr nettes Team<\/li>\r\n                      <li>zus\u00e4tzliche Urlaubstage<\/li>\r\n                      <li>gutes Betriebsklima<\/li>\r\n                      <li>Flache Hierarchien<\/li>\r\n                      <li>M\u00f6glichkeit, die fachliche und inhaltliche Weiterentwicklung des Angebots aktiv mitzugestalten<\/li>\r\n                      <li>sowie flexible Arbeitszeiten.<\/li>\r\n                      <li>Arbeitszeiten: Montag bis Freitag, keine Wochenenden, kein Schicht-, Sp\u00e4t- oder Bereitschaftsdienst!<\/li>\r\n                      <li>Au\u00dferdem freuen wir uns \u00fcber individuelle pers\u00f6nliche Kompetenzen in sportlichen, kreativen oder musikalischen Bereichen, die Sie gewinnbringend in Ihre Arbeit mit einbringen k\u00f6nnen und m\u00f6chten.<\/li>\r\n                    <\/ul>\r\n                    <p>Wir ben\u00f6tigen:<\/p>\r\n                    <ul>\r\n                      <li>ein abgeschlossenes Studium der Sozialen Arbeit<\/li>\r\n                      <li>ausgepr\u00e4gte kommunikative F\u00e4higkeiten<\/li>\r\n                      <li>Bereitschaft zur Co-Arbeit<\/li>\r\n                      <li>Bereitschaft zur fachlichen Weiterentwicklung.<\/li>\r\n                    <\/ul>\r\n                    <p>\r\n                      <br>\r\n                    <\/p>\r\n                    <p>Bewerbungen bitte an: bew@samson-jugendhilfe.de\r\n                      <br>Ansprechpartnerinnen: Birgit Gasche \/ Margareta Janz\r\n                      <br>Samson-Jugendhilfe gGmbH \/ InterK\u00d6rmet e.V.\r\n                      <br>M\u00fchlenstr. 2\r\n                      <br>13187 Berlin\r\n                      <br>030\/98333261<\/p>\r\n                  <\/div>\r\n                <\/div>\r\n              <\/div>\r\n            <\/div>\r\n          <\/div>\r\n        <\/div>\r\n      <\/div>\r\n      <div data-colibri-id=\"144-c3\" class=\"h-row-container gutters-row-lg-2 gutters-row-md-2 gutters-row-2 gutters-row-v-lg-2 gutters-row-v-md-2 gutters-row-v-2 style-376 style-local-144-c3 position-relative\">\r\n        <!---->\r\n        <div class=\"h-row justify-content-lg-center justify-content-md-center justify-content-center align-items-lg-stretch align-items-md-stretch align-items-stretch gutters-col-lg-2 gutters-col-md-2 gutters-col-2 gutters-col-v-lg-2 gutters-col-v-md-2 gutters-col-v-2\">\r\n          <!---->\r\n          <div class=\"h-column h-column-container d-flex h-col-lg-auto h-col-md-auto h-col-auto style-377-outer style-local-144-c4-outer\">\r\n            <div data-colibri-id=\"144-c4\" class=\"d-flex h-flex-basis h-column__inner h-ui-empty-state-container h-px-lg-0 h-px-md-0 h-px-0 v-inner-lg-0 v-inner-md-0 v-inner-0 style-377 style-local-144-c4 position-relative\">\r\n              <!---->\r\n              <!---->\r\n              <div class=\"w-100 h-y-container h-column__content h-column__v-align flex-basis-100\">\r\n                <!---->\r\n              <\/div>\r\n            <\/div>\r\n          <\/div>\r\n        <\/div>\r\n      <\/div>\r\n    <\/div>\r\n  <\/div>\r\n<\/div>","protected":false},"excerpt":{"rendered":"<p>Sozialp\u00e4dagog*in (m\/w\/d) f\u00fcr Mutter-\/Vater-Kind BEW Betreutes Einzelwohnen in Pankow (kein Wochenende, kein Schichtdienst, tolles kleines Team!) Wir suchen ab sofort f\u00fcr den Bereich Betreutes Einzel-Wohnen Mutter-\/Vater-Kind eine engagierte und qualifizierte Fachkraft (m\/w\/d) f\u00fcr 25-35 h\/Woche \u2013 (Arbeitszeiten Montag bis Freitag, kleines Team, das sich \u00fcber Erweiterung freut!). In unserer Arbeit ist der systemische Ansatz von [&hellip;]<\/p>\n","protected":false},"author":1,"featured_media":0,"parent":0,"menu_order":0,"comment_status":"closed","ping_status":"closed","template":"page-templates\/full-width-page.php","meta":{"footnotes":""},"class_list":["post-144","page","type-page","status-publish","hentry"],"_links":{"self":[{"href":"https:\/\/samson-jugendhilfe.de\/index.php\/wp-json\/wp\/v2\/pages\/144","targetHints":{"allow":["GET"]}}],"collection":[{"href":"https:\/\/samson-jugendhilfe.de\/index.php\/wp-json\/wp\/v2\/pages"}],"about":[{"href":"https:\/\/samson-jugendhilfe.de\/index.php\/wp-json\/wp\/v2\/types\/page"}],"author":[{"embeddable":true,"href":"https:\/\/samson-jugendhilfe.de\/index.php\/wp-json\/wp\/v2\/users\/1"}],"replies":[{"embeddable":true,"href":"https:\/\/samson-jugendhilfe.de\/index.php\/wp-json\/wp\/v2\/comments?post=144"}],"version-history":[{"count":5,"href":"https:\/\/samson-jugendhilfe.de\/index.php\/wp-json\/wp\/v2\/pages\/144\/revisions"}],"predecessor-version":[{"id":193,"href":"https:\/\/samson-jugendhilfe.de\/index.php\/wp-json\/wp\/v2\/pages\/144\/revisions\/193"}],"wp:attachment":[{"href":"https:\/\/samson-jugendhilfe.de\/index.php\/wp-json\/wp\/v2\/media?parent=144"}],"curies":[{"name":"wp","href":"https:\/\/api.w.org\/{rel}","templated":true}]}}