{"id":435,"date":"2025-04-26T15:14:53","date_gmt":"2025-04-26T15:14:53","guid":{"rendered":"https:\/\/samson-jugendhilfe.de\/?page_id=435"},"modified":"2025-06-04T19:21:58","modified_gmt":"2025-06-04T19:21:58","slug":"netzwerk","status":"publish","type":"page","link":"https:\/\/samson-jugendhilfe.de\/index.php\/netzwerk\/","title":{"rendered":"Netzwerk"},"content":{"rendered":"<div data-colibri-id=\"435-c1\" class=\"style-438 style-local-435-c1 position-relative\">\n  <!---->\n  <div data-colibri-component=\"section\" data-colibri-id=\"435-c2\" id=\"custom\" class=\"h-section h-section-global-spacing d-flex align-items-lg-center align-items-md-center align-items-center style-439 style-local-435-c2 position-relative\">\n    <!---->\n    <!---->\n    <div class=\"h-section-grid-container h-section-boxed-container\">\n      <!---->\n      <div data-colibri-id=\"435-c3\" class=\"h-row-container gutters-row-lg-1 gutters-row-md-1 gutters-row-0 gutters-row-v-lg-1 gutters-row-v-md-1 gutters-row-v-1 style-440 style-local-435-c3 position-relative\">\n        <!---->\n        <div class=\"h-row justify-content-lg-center justify-content-md-center justify-content-center align-items-lg-stretch align-items-md-stretch align-items-stretch gutters-col-lg-1 gutters-col-md-1 gutters-col-0 gutters-col-v-lg-1 gutters-col-v-md-1 gutters-col-v-1\">\n          <!---->\n          <div class=\"h-column h-column-container d-flex h-col-lg-auto h-col-md-auto h-col-auto style-441-outer style-local-435-c4-outer\">\n            <div data-colibri-id=\"435-c4\" class=\"d-flex h-flex-basis h-column__inner h-px-lg-1 h-px-md-1 h-px-1 v-inner-lg-1 v-inner-md-1 v-inner-1 style-441 style-local-435-c4 position-relative\">\n              <!---->\n              <!---->\n              <div class=\"w-100 h-y-container h-column__content h-column__v-align flex-basis-100 align-self-lg-start align-self-md-start align-self-start\">\n                <!---->\n                <div data-colibri-id=\"435-c5\" class=\"h-global-transition-all h-heading style-443 style-local-435-c5 position-relative h-element\">\n                  <!---->\n                  <div class=\"h-heading__outer style-443 style-local-435-c5\">\n                    <!---->\n                    <!---->\n                    <h3 class=\"\">Netzwerk<\/h3>\n                  <\/div>\n                <\/div>\n                <div data-colibri-id=\"435-c6\" class=\"h-text h-text-component style-442 style-local-435-c6 position-relative h-element\">\n                  <!---->\n                  <!---->\n                  <div class=\"\">\n                    <p>WIR ARBEITEN SOZIALRAUMORIENTIERT<\/p>\n                    <p>Unser Team besteht aus Sozialp\u00e4dagog*innen mit Zusatzausbildungen in den folgenden Bereichen &#8222;Fr\u00fchen Hilfen&#8220;, Starke Eltern-Starke Kinder, Systematische Therapie, SAFE-Mentorin, PEKIP, Kinderschutzfachkraft<\/p>\n                    <p>Wir nutzen den Sozialraum und arbeiten zusammen mit \u00c4rzt*innen, Familienhebammen, Gesundheitsamt, Kitas, Schuldner*innen Beratungsstellen, Jobcenter sowie weiteren Beratungsstellen.&nbsp;<\/p>\n                    <p>Die Samson Jugendhilfe gGmbH nutzt in Ihrer Arbeit mit Menschen Ansatzpunkte,\n                      <br>um die Kompetenzen ihrer Klienten zu erweitern.<\/p>\n                  <\/div>\n                <\/div>\n              <\/div>\n            <\/div>\n          <\/div>\n        <\/div>\n      <\/div>\n      <div data-colibri-id=\"435-c17\" class=\"h-row-container gutters-row-lg-2 gutters-row-md-2 gutters-row-0 gutters-row-v-lg-2 gutters-row-v-md-2 gutters-row-v-2 style-448 style-local-435-c17 position-relative\">\n        <!---->\n        <div class=\"h-row justify-content-lg-start justify-content-md-start justify-content-start align-items-lg-stretch align-items-md-stretch align-items-stretch gutters-col-lg-2 gutters-col-md-2 gutters-col-0 gutters-col-v-lg-2 gutters-col-v-md-2 gutters-col-v-2\">\n          <!---->\n          <div class=\"h-column h-column-container d-flex h-col-lg-6 h-col-md-6 h-col-6 style-449-outer style-local-435-c18-outer\">\n            <div data-colibri-id=\"435-c18\" class=\"d-flex h-flex-basis h-column__inner h-ui-empty-state-container h-px-lg-2 h-px-md-2 h-px-2 v-inner-lg-2 v-inner-md-2 v-inner-2 style-449 style-local-435-c18 position-relative\">\n              <!---->\n              <!---->\n              <div class=\"w-100 h-y-container h-column__content h-column__v-align flex-basis-100\">\n                <!---->\n              <\/div>\n            <\/div>\n          <\/div>\n          <div class=\"h-column h-column-container d-flex h-col-lg-6 h-col-md-6 h-col-6 style-451-outer style-local-435-c19-outer\">\n            <div data-colibri-id=\"435-c19\" class=\"d-flex h-flex-basis h-column__inner h-px-lg-2 h-px-md-2 h-px-2 v-inner-lg-2 v-inner-md-2 v-inner-2 style-451 style-local-435-c19 position-relative\">\n              <!---->\n              <!---->\n              <div class=\"w-100 h-y-container h-column__content h-column__v-align flex-basis-100 align-self-lg-start align-self-md-start align-self-start\">\n                <!---->\n                <div data-colibri-id=\"435-c20\" class=\"h-text h-text-component style-460 style-local-435-c20 position-relative h-element\">\n                  <!---->\n                  <!---->\n                  <div class=\"\">\n                    <p>Familientherapie\n                      <br>\n                    <\/p>\n                    <p>In der Systemischenfamilientherapie werden Probleme nicht als Eigenschaft einzelner Personen\u2026&nbsp;\n                      <br>Sie sind der Ausdruck der momentanen Kommunikations- und Beziehungsbedingungen in einem System. Symptome erscheinen hier n\u00fctzlich, da sie auf St\u00f6rungen der Entwicklungsm\u00f6glickeiten deuten.<\/p>\n                  <\/div>\n                <\/div>\n                <div data-colibri-id=\"435-c21\" class=\"h-x-container style-463 style-local-435-c21 position-relative h-element\">\n                  <!---->\n                  <div class=\"h-x-container-inner style-dynamic-435-c21-group style-463-spacing style-local-435-c21-spacing\"><span class=\"h-link__outer style-464-outer style-local-435-c22-outer d-inline-flex h-element\"><a h-use-smooth-scroll=\"true\" href=\"https:\/\/interkoermet.de\/\"  data-colibri-id=\"435-c22\" class=\"d-flex w-100 align-items-center h-link style-464 style-local-435-c22 position-relative\"><!----><!----> <span>InterK\u00d6rmet e.V. <\/span><\/a>\n                    <\/span>\n                  <\/div>\n                <\/div>\n              <\/div>\n            <\/div>\n          <\/div>\n        <\/div>\n      <\/div>\n    <\/div>\n  <\/div>\n<\/div>","protected":false},"excerpt":{"rendered":"<p>Netzwerk WIR ARBEITEN SOZIALRAUMORIENTIERT Unser Team besteht aus Sozialp\u00e4dagog*innen mit Zusatzausbildungen in den folgenden Bereichen &#8222;Fr\u00fchen Hilfen&#8220;, Starke Eltern-Starke Kinder, Systematische Therapie, SAFE-Mentorin, PEKIP, Kinderschutzfachkraft Wir nutzen den Sozialraum und arbeiten zusammen mit \u00c4rzt*innen, Familienhebammen, Gesundheitsamt, Kitas, Schuldner*innen Beratungsstellen, Jobcenter sowie weiteren Beratungsstellen.&nbsp; Die Samson Jugendhilfe gGmbH nutzt in Ihrer Arbeit mit Menschen Ansatzpunkte, um [&hellip;]<\/p>\n","protected":false},"author":1,"featured_media":0,"parent":0,"menu_order":0,"comment_status":"closed","ping_status":"closed","template":"page-templates\/full-width-page.php","meta":{"footnotes":""},"class_list":["post-435","page","type-page","status-publish","hentry"],"_links":{"self":[{"href":"https:\/\/samson-jugendhilfe.de\/index.php\/wp-json\/wp\/v2\/pages\/435","targetHints":{"allow":["GET"]}}],"collection":[{"href":"https:\/\/samson-jugendhilfe.de\/index.php\/wp-json\/wp\/v2\/pages"}],"about":[{"href":"https:\/\/samson-jugendhilfe.de\/index.php\/wp-json\/wp\/v2\/types\/page"}],"author":[{"embeddable":true,"href":"https:\/\/samson-jugendhilfe.de\/index.php\/wp-json\/wp\/v2\/users\/1"}],"replies":[{"embeddable":true,"href":"https:\/\/samson-jugendhilfe.de\/index.php\/wp-json\/wp\/v2\/comments?post=435"}],"version-history":[{"count":7,"href":"https:\/\/samson-jugendhilfe.de\/index.php\/wp-json\/wp\/v2\/pages\/435\/revisions"}],"predecessor-version":[{"id":534,"href":"https:\/\/samson-jugendhilfe.de\/index.php\/wp-json\/wp\/v2\/pages\/435\/revisions\/534"}],"wp:attachment":[{"href":"https:\/\/samson-jugendhilfe.de\/index.php\/wp-json\/wp\/v2\/media?parent=435"}],"curies":[{"name":"wp","href":"https:\/\/api.w.org\/{rel}","templated":true}]}}